{"id":10664,"date":"2022-05-31T23:29:58","date_gmt":"2022-05-31T23:29:58","guid":{"rendered":"https:\/\/pormudanza.com\/?page_id=10664"},"modified":"2022-06-02T21:30:24","modified_gmt":"2022-06-02T21:30:24","slug":"compramos-o-prestamos","status":"publish","type":"page","link":"https:\/\/pormudanza.com\/?page_id=10664","title":{"rendered":"Compramos o prestamos"},"content":{"rendered":"<p>[vc_row][vc_column][vc_column_text]<\/p>\n<h2><em><strong>COMPRAMOS O PRESTAMOS.<\/strong><\/em><\/h2>\n<h2>\u00a1En Labels Mx te podemos ayudar si necesitas algo de dinero r\u00e1pido! En caso de que necesites dinero urgente y r\u00e1pido, tenemos dos opciones para ti: te podemos comprar tu art\u00edculo o puedes empe\u00f1arlo.<\/h2>\n<h2>\u00bfC\u00f3mo empe\u00f1o un art\u00edculo?<\/h2>\n<h2>Muchas veces pasa que necesitamos dinero para una emergencia o una situaci\u00f3n imprevista, pero no queremos deshacernos de nuestros art\u00edculos de lujo porque les tenemos un cari\u00f1o muy especial. \u00a1Si \u00e9ste es tu caso, en Labels Mx te podemos ayudar a que obtengas el dinero sin deshacerte de tu art\u00edculo! El proceso es muy sencillo, r\u00e1pido y seguro; para poder solicitar un pr\u00e9stamo a cambio de dejar una prenda en garant\u00eda solo tienes que: agendar una cita en el showroom, llevar el producto a empe\u00f1ar y una vez realizada la autentificaci\u00f3n se te propondr\u00e1 una oferta; en caso de aceptar, se firmar\u00e1 un contrato y LISTO!! Se te enviar\u00e1 el dinero por transferencia a la cuenta que nos indiques.<\/h2>\n<h2>\u00bfC\u00f3mo compran un art\u00edculo?<\/h2>\n<h2>\u00a1A nosotros tambi\u00e9n nos encanta hacernos de piezas propias y \u00fanicas para nuestro showroom!<\/h2>\n<h2>El proceso para que te compremos tu art\u00edculo es muy sencillo, r\u00e1pido y seguro; solo tienes que: agendar una cita en el showroom, llevar el producto a vender y una vez realizada la autentificaci\u00f3n se te propondr\u00e1 una oferta; en caso de aceptar, se firmar\u00e1 un contrato y LISTO!! Se te enviar\u00e1 el dinero por transferencia a la cuenta que nos indiques.<\/h2>\n<p>[\/vc_column_text][\/vc_column][\/vc_row]<\/p>\n","protected":false},"excerpt":{"rendered":"<p>[vc_row][vc_column][vc_column_text] COMPRAMOS O PRESTAMOS. \u00a1En Labels Mx te podemos ayudar si necesitas algo de dinero r\u00e1pido! En caso de que necesites dinero urgente y r\u00e1pido, tenemos dos opciones para ti: te podemos comprar tu art\u00edculo o puedes empe\u00f1arlo. \u00bfC\u00f3mo empe\u00f1o un art\u00edculo? Muchas veces pasa que necesitamos dinero para una emergencia o una situaci\u00f3n imprevista, [&hellip;]<\/p>\n","protected":false},"author":1,"featured_media":0,"parent":0,"menu_order":0,"comment_status":"closed","ping_status":"closed","template":"","meta":{"footnotes":""},"class_list":["post-10664","page","type-page","status-publish","hentry"],"acf":[],"_links":{"self":[{"href":"https:\/\/pormudanza.com\/index.php?rest_route=\/wp\/v2\/pages\/10664","targetHints":{"allow":["GET"]}}],"collection":[{"href":"https:\/\/pormudanza.com\/index.php?rest_route=\/wp\/v2\/pages"}],"about":[{"href":"https:\/\/pormudanza.com\/index.php?rest_route=\/wp\/v2\/types\/page"}],"author":[{"embeddable":true,"href":"https:\/\/pormudanza.com\/index.php?rest_route=\/wp\/v2\/users\/1"}],"replies":[{"embeddable":true,"href":"https:\/\/pormudanza.com\/index.php?rest_route=%2Fwp%2Fv2%2Fcomments&post=10664"}],"version-history":[{"count":3,"href":"https:\/\/pormudanza.com\/index.php?rest_route=\/wp\/v2\/pages\/10664\/revisions"}],"predecessor-version":[{"id":10886,"href":"https:\/\/pormudanza.com\/index.php?rest_route=\/wp\/v2\/pages\/10664\/revisions\/10886"}],"wp:attachment":[{"href":"https:\/\/pormudanza.com\/index.php?rest_route=%2Fwp%2Fv2%2Fmedia&parent=10664"}],"curies":[{"name":"wp","href":"https:\/\/api.w.org\/{rel}","templated":true}]}}